{"id":893,"date":"2025-03-07T16:08:43","date_gmt":"2025-03-07T15:08:43","guid":{"rendered":"https:\/\/enternorway.no\/?page_id=893"},"modified":"2025-03-07T16:24:31","modified_gmt":"2025-03-07T15:24:31","slug":"personvern","status":"publish","type":"page","link":"https:\/\/enternorway.no\/no\/personvern\/","title":{"rendered":"Personvern"},"content":{"rendered":"<style>.elementor-893 .elementor-element.elementor-element-aec4613{--display:flex;--flex-direction:column;--container-widget-width:calc( ( 1 - var( --container-widget-flex-grow ) ) * 100% );--container-widget-height:initial;--container-widget-flex-grow:0;--container-widget-align-self:initial;--flex-wrap-mobile:wrap;--justify-content:center;--align-items:flex-start;--overflow:hidden;--overlay-opacity:1;--margin-top:-108px;--margin-bottom:0px;--margin-left:0px;--margin-right:0px;--padding-top:250px;--padding-bottom:100px;--padding-left:30px;--padding-right:30px;}.elementor-893 .elementor-element.elementor-element-aec4613:not(.elementor-motion-effects-element-type-background), .elementor-893 .elementor-element.elementor-element-aec4613 > .elementor-motion-effects-container > .elementor-motion-effects-layer{background-color:var( --e-global-color-e569a76 );background-image:url(\"https:\/\/enternorway.no\/wp-content\/uploads\/2025\/03\/AdobeStock_297495776-scaled.jpg\");background-position:center center;background-repeat:no-repeat;background-size:cover;}.elementor-893 .elementor-element.elementor-element-aec4613::before, .elementor-893 .elementor-element.elementor-element-aec4613 > .elementor-background-video-container::before, .elementor-893 .elementor-element.elementor-element-aec4613 > .e-con-inner > .elementor-background-video-container::before, .elementor-893 .elementor-element.elementor-element-aec4613 > .elementor-background-slideshow::before, .elementor-893 .elementor-element.elementor-element-aec4613 > .e-con-inner > .elementor-background-slideshow::before, .elementor-893 .elementor-element.elementor-element-aec4613 > .elementor-motion-effects-container > .elementor-motion-effects-layer::before{background-color:var( --e-global-color-e569a76 );--background-overlay:'';}.elementor-893 .elementor-element.elementor-element-2f9bb50{--display:flex;--flex-direction:column;--container-widget-width:100%;--container-widget-height:initial;--container-widget-flex-grow:0;--container-widget-align-self:initial;--flex-wrap-mobile:wrap;--margin-top:0px;--margin-bottom:0px;--margin-left:0px;--margin-right:0px;--padding-top:0px;--padding-bottom:0px;--padding-left:0px;--padding-right:0px;}.elementor-893 .elementor-element.elementor-element-6b02f3d{text-align:start;}.elementor-893 .elementor-element.elementor-element-911795a > .elementor-widget-container{margin:0px 0px 10px 0px;padding:0px 0px 0px 0px;}.elementor-893 .elementor-element.elementor-element-911795a{text-align:start;}.elementor-893 .elementor-element.elementor-element-911795a .elementor-heading-title{font-family:var( --e-global-typography-84b7a81-font-family ), Sans-serif;font-size:var( --e-global-typography-84b7a81-font-size );font-weight:var( --e-global-typography-84b7a81-font-weight );text-decoration:var( --e-global-typography-84b7a81-text-decoration );line-height:var( --e-global-typography-84b7a81-line-height );color:var( --e-global-color-d8113ee );}.elementor-893 .elementor-element.elementor-element-6c80c1c{--display:flex;--flex-direction:column;--container-widget-width:calc( ( 1 - var( --container-widget-flex-grow ) ) * 100% );--container-widget-height:initial;--container-widget-flex-grow:0;--container-widget-align-self:initial;--flex-wrap-mobile:wrap;--justify-content:center;--align-items:center;--overflow:hidden;--overlay-opacity:1;--margin-top:0px;--margin-bottom:0px;--margin-left:0px;--margin-right:0px;--padding-top:100px;--padding-bottom:100px;--padding-left:30px;--padding-right:30px;}.elementor-893 .elementor-element.elementor-element-6c80c1c::before, .elementor-893 .elementor-element.elementor-element-6c80c1c > .elementor-background-video-container::before, .elementor-893 .elementor-element.elementor-element-6c80c1c > .e-con-inner > .elementor-background-video-container::before, .elementor-893 .elementor-element.elementor-element-6c80c1c > .elementor-background-slideshow::before, .elementor-893 .elementor-element.elementor-element-6c80c1c > .e-con-inner > .elementor-background-slideshow::before, .elementor-893 .elementor-element.elementor-element-6c80c1c > .elementor-motion-effects-container > .elementor-motion-effects-layer::before{--background-overlay:'';}.elementor-893 .elementor-element.elementor-element-e8da369{--display:flex;--flex-direction:row;--container-widget-width:calc( ( 1 - var( --container-widget-flex-grow ) ) * 100% );--container-widget-height:100%;--container-widget-flex-grow:1;--container-widget-align-self:stretch;--flex-wrap-mobile:wrap;--justify-content:center;--align-items:center;--margin-top:0px;--margin-bottom:0px;--margin-left:0px;--margin-right:0px;--padding-top:0px;--padding-bottom:0px;--padding-left:0px;--padding-right:0px;}.elementor-893 .elementor-element.elementor-element-aa498dd{width:100%;max-width:100%;}:root{--page-title-display:none;}@media(min-width:768px){.elementor-893 .elementor-element.elementor-element-aec4613{--content-width:1400px;}.elementor-893 .elementor-element.elementor-element-2f9bb50{--width:55%;}.elementor-893 .elementor-element.elementor-element-6c80c1c{--content-width:1400px;}.elementor-893 .elementor-element.elementor-element-e8da369{--content-width:1400px;}}@media(max-width:1366px) and (min-width:768px){.elementor-893 .elementor-element.elementor-element-2f9bb50{--width:100%;}}@media(max-width:1366px){.elementor-893 .elementor-element.elementor-element-aec4613{--padding-top:180px;--padding-bottom:100px;--padding-left:30px;--padding-right:30px;}.elementor-893 .elementor-element.elementor-element-911795a .elementor-heading-title{font-size:var( --e-global-typography-84b7a81-font-size );line-height:var( --e-global-typography-84b7a81-line-height );}.elementor-893 .elementor-element.elementor-element-6c80c1c{--overlay-opacity:0.2;--padding-top:100px;--padding-bottom:100px;--padding-left:30px;--padding-right:30px;}}@media(max-width:1024px){.elementor-893 .elementor-element.elementor-element-aec4613{--padding-top:170px;--padding-bottom:80px;--padding-left:30px;--padding-right:30px;}.elementor-893 .elementor-element.elementor-element-911795a > .elementor-widget-container{margin:0px 0px 0px 0px;}.elementor-893 .elementor-element.elementor-element-911795a .elementor-heading-title{font-size:var( --e-global-typography-84b7a81-font-size );line-height:var( --e-global-typography-84b7a81-line-height );}.elementor-893 .elementor-element.elementor-element-6c80c1c{--padding-top:80px;--padding-bottom:80px;--padding-left:30px;--padding-right:30px;}.elementor-893 .elementor-element.elementor-element-e8da369{--flex-direction:column;--container-widget-width:100%;--container-widget-height:initial;--container-widget-flex-grow:0;--container-widget-align-self:initial;--flex-wrap-mobile:wrap;}}@media(max-width:767px){.elementor-893 .elementor-element.elementor-element-aec4613{--padding-top:150px;--padding-bottom:70px;--padding-left:20px;--padding-right:20px;}.elementor-893 .elementor-element.elementor-element-911795a > .elementor-widget-container{padding:0px 0px 0px 0px;}.elementor-893 .elementor-element.elementor-element-911795a .elementor-heading-title{font-size:var( --e-global-typography-84b7a81-font-size );line-height:var( --e-global-typography-84b7a81-line-height );}.elementor-893 .elementor-element.elementor-element-6c80c1c{--padding-top:80px;--padding-bottom:60px;--padding-left:20px;--padding-right:20px;}.elementor-893 .elementor-element.elementor-element-e8da369{--margin-top:0px;--margin-bottom:0px;--margin-left:0px;--margin-right:0px;--padding-top:0px;--padding-bottom:0px;--padding-left:0px;--padding-right:0px;}}<\/style>\t\t<div data-elementor-type=\"wp-page\" data-elementor-id=\"893\" class=\"elementor elementor-893\" data-elementor-post-type=\"page\">\n\t\t\t\t<div class=\"elementor-element elementor-element-aec4613 e-flex e-con-boxed elementor-invisible e-con e-parent\" data-id=\"aec4613\" data-element_type=\"container\" data-settings=\"{&quot;background_background&quot;:&quot;classic&quot;,&quot;animation&quot;:&quot;pulse&quot;}\">\n\t\t\t\t\t<div class=\"e-con-inner\">\n\t\t<div class=\"elementor-element elementor-element-2f9bb50 e-con-full e-flex e-con e-child\" data-id=\"2f9bb50\" data-element_type=\"container\">\n\t\t\t\t<div class=\"elementor-element elementor-element-6b02f3d elementor-widget elementor-widget-image\" data-id=\"6b02f3d\" data-element_type=\"widget\" data-widget_type=\"image.default\">\n\t\t\t\t<div class=\"elementor-widget-container\">\n\t\t\t\t\t\t\t\t\t\t\t\t\t\t\t<img decoding=\"async\" width=\"110\" height=\"21\" src=\"https:\/\/enternorway.no\/wp-content\/uploads\/2024\/09\/heading-line.png\" class=\"attachment-full size-full wp-image-248\" alt=\"decorative line with star\" \/>\t\t\t\t\t\t\t\t\t\t\t\t\t\t\t<\/div>\n\t\t\t\t<\/div>\n\t\t\t\t<div class=\"elementor-element elementor-element-911795a elementor-widget elementor-widget-heading\" data-id=\"911795a\" data-element_type=\"widget\" data-widget_type=\"heading.default\">\n\t\t\t\t<div class=\"elementor-widget-container\">\n\t\t\t\t\t<h1 class=\"elementor-heading-title elementor-size-default\">Personvern<\/h1>\t\t\t\t<\/div>\n\t\t\t\t<\/div>\n\t\t\t\t<\/div>\n\t\t\t\t\t<\/div>\n\t\t\t\t<\/div>\n\t\t<div class=\"elementor-element elementor-element-6c80c1c e-flex e-con-boxed e-con e-parent\" data-id=\"6c80c1c\" data-element_type=\"container\">\n\t\t\t\t\t<div class=\"e-con-inner\">\n\t\t<div class=\"elementor-element elementor-element-e8da369 e-flex e-con-boxed e-con e-child\" data-id=\"e8da369\" data-element_type=\"container\">\n\t\t\t\t\t<div class=\"e-con-inner\">\n\t\t\t\t<div class=\"elementor-element elementor-element-aa498dd elementor-widget__width-inherit elementor-widget elementor-widget-text-editor\" data-id=\"aa498dd\" data-element_type=\"widget\" data-widget_type=\"text-editor.default\">\n\t\t\t\t<div class=\"elementor-widget-container\">\n\t\t\t\t\t\t\t\t\t<h2 data-pm-slice=\"1 1 []\" class=\"translation-block\">Personvernerkl\u00e6ring for Enter Norway og www.enternorway.no<\/h2><p>Denne personvernerkl\u00e6ringen beskriver hvilke typer personopplysninger Enter Norway samler inn, samt hvordan denne informasjonen behandles.<\/p><p>Enter Norway overholder norsk lov om personvern. Denne erkl\u00e6ringen er utformet i samsvar med kravene i personopplysningsloven \u00a7\u00a7 18 og 19.<\/p><h3>Hva er personopplysninger?<\/h3><p>Personopplysninger refererer til informasjon om en enkeltperson, slik som navn, adresse, arbeidssted, sivilstatus, telefonnummer, e-postadresse osv. Opplysninger om din kontakt, \u00e5rsaken til kontakten og m\u00e5ten du kommuniserer med Enter Norway p\u00e5, kan ogs\u00e5 anses som personopplysninger.<\/p><p>Enter Norway samler ikke inn eller bruker sensitive personopplysninger, som informasjon om straffbare handlinger, helseopplysninger eller lignende.<\/p><p>For generell informasjon om personopplysninger, bes\u00f8k: <a>https:\/\/www.datatilsynet.no\/om-personvern\/personopplysninger\/<\/a>.<\/p><h3>Hvem er ansvarlig for dine personopplysninger hos Enter Norway?<\/h3><p>Enter Norway sin kontorleder er ansvarlig for h\u00e5ndtering av personopplysninger i selskapet. Eventuell fremtidig delegering av oppgaver vil kun omfatte spesifikke arbeidsoppgaver \u2013 det overordnede ansvaret forblir hos Enter Norway.<\/p><h3>Personopplysninger som samles inn av Enter Norway<\/h3><p>Enter Norway samler inn personopplysninger fra to hovedkilder, begge i henhold til personopplysningsloven \u00a7 8.<\/p><p>Informasjon du frivillig gir oss \u2013 Dette gjelder prim\u00e6rt informasjon som du oppgir via kontaktskjemaet p\u00e5 Enter Norway sin nettside. Dette skjemaet fungerer som en kommunikasjonskanal mellom potensielle\/eksisterende kunder og Enter Norway. \u00c5 fylle ut skjemaet er helt frivillig. Personopplysninger som samles inn her inkluderer navn, e-postadresse og telefonnummer.<\/p><p>Etter innsending av skjemaet kan ytterligere personopplysninger genereres gjennom e-post, telefonsamtaler eller annen kommunikasjon mellom Enter Norway og deg som kunde.<\/p><p>Data samlet inn gjennom Google Analytics \u2013 Dette inkluderer IP-adresser, bes\u00f8ksvarighet, klikkede lenker og antall brukere p\u00e5 ulike tidspunkter.<\/p><h3>Hvordan bruker Enter Norway personopplysninger?<\/h3><p>Hensikten med kontaktskjemaet og den videre kommunikasjonen er \u00e5 behandle henvendelser og oppfylle forpliktelser overfor kunder. \u00c5pen dialog mellom Enter Norway og v\u00e5re kunder er avgj\u00f8rende for \u00e5 sikre tilfredsstillende tjenester.<\/p><p>Data fra Google Analytics brukes for \u00e5 forbedre brukeropplevelsen p\u00e5 nettsiden, optimalisere tjenestene og forebygge kriminelle aktiviteter som hacking.<\/p><p>Det juridiske grunnlaget for Enter Norway sin behandling av personopplysninger er personopplysningsloven \u00a7 11.<\/p><h3>H\u00e5ndtering av personopplysninger<\/h3><p>Mengden personopplysninger Enter Norway samler inn er minimal sammenlignet med mange andre virksomheter og nettjenester. Vi bruker ikke personopplysninger til appkonfigurasjon eller personlig tilpasset annonsering.<\/p><p>Du har likevel visse rettigheter knyttet til dine personopplysninger, som beskrevet nedenfor.<\/p><h3>Deler Enter Norway informasjon med tredjeparter?<\/h3><p>Enter Norway deler ikke personopplysninger fra kontaktskjemaet eller egne datakilder med tredjeparter. Dersom deling av personopplysninger skulle bli n\u00f8dvendig, vil vi alltid be om ditt eksplisitte samtykke.<\/p><h3>Sikker lagring, sletting og internkontroll<\/h3><p>I samsvar med personopplysningsloven \u00a7 13 lagres alle mottatte personopplysninger sikkert p\u00e5 en trygg e-postserver eller annen sikker l\u00f8sning s\u00e5 lenge du har en aktiv relasjon til Enter Norway. Etter at samarbeidet avsluttes, vil all kommunikasjon og persondata bli slettet innen to \u00e5r.<\/p><p>Enter Norway gjennomf\u00f8rer internkontroller for \u00e5 sikre trygg lagring, h\u00e5ndtering og sletting av personopplysninger i samsvar med lovp\u00e5lagte krav.<\/p><h3>Dine rettigheter<\/h3><p>I henhold til personopplysningsloven har du rett til sletting (\u00abretten til \u00e5 bli glemt\u00bb), dataportabilitet, innsyn i personopplysninger og beskyttelse mot profilering.<\/p><p>The right to erasure means you can request the deletion of all personal data registered with Enter Norway. Without such a request, Enter Norway will still delete most personal data two years after the last contact.<\/p><p>Retten til sletting betyr at du kan be om at alle personopplysninger registrert hos Enter Norway blir slettet. Uten en slik foresp\u00f8rsel vil Enter Norway likevel slette de fleste personopplysninger to \u00e5r etter siste kontakt.<\/p><p>Retten til innsyn sikrer at du kan gjennomg\u00e5 de personopplysningene Enter Norway har registrert om deg.<\/p><p>Retten mot profilering gir deg mulighet til \u00e5 nekte Enter Norway tillatelse til \u00e5 overv\u00e5ke og analysere din atferd for m\u00e5lrettede tjenester. Denne typen omfattende profilering er imidlertid sjelden relevant for Enter Norway.<\/p><p>For \u00e5 ut\u00f8ve disse rettighetene, vennligst kontakt oss. Du har lovfestet rett til \u00e5 motta svar innen \u00e9n m\u00e5ned.<\/p><h3>Barns personvern<\/h3><p>Enter Norway verken \u00f8nsker eller har behov for \u00e5 samle inn eller behandle personopplysninger om barn under 16 \u00e5r. Eventuelle slike opplysninger m\u00e5 gis av en forelder eller verge.<\/p><p>Personopplysninger som utilsiktet er gitt av mindre\u00e5rige, vil bli slettet umiddelbart s\u00e5 snart Enter Norway blir oppmerksom p\u00e5 det.<\/p><h3>Personvernombud<\/h3><p>Enter Norway har ikke utnevnt et personvernombud, da selskapet verken er en offentlig myndighet, behandler sensitive data, driver systematisk profilering eller h\u00e5ndterer personopplysninger knyttet til straffbare forhold.<\/p><h3>Endringer og oppdateringer<\/h3><p>Enter Norway vil periodisk oppdatere denne personvernerkl\u00e6ringen for \u00e5 sikre samsvar med norsk lovgivning. Du vil bli informert om eventuelle oppdateringer.<\/p><h3>Kontaktinformasjon<\/h3><p>For sp\u00f8rsm\u00e5l om Enter Norway sin personvernerkl\u00e6ring eller andre henvendelser, vennligst kontakt oss: Telefon: (+47) 934 32 115, E-post: <a>info@enternorway.no<\/a><\/p>\t\t\t\t\t\t\t\t<\/div>\n\t\t\t\t<\/div>\n\t\t\t\t\t<\/div>\n\t\t\t\t<\/div>\n\t\t\t\t\t<\/div>\n\t\t\t\t<\/div>\n\t\t\t\t<\/div>","protected":false},"excerpt":{"rendered":"<p>Privacy Policy Privacy Policy for Enter Norway and www.enternorway.no This privacy policy outlines the type of personal data Enter Norway collects and how this information is processed. Enter Norway adheres to Norwegian personal data laws. This policy is formulated in accordance with the requirements stated in sections 18 and 19 of the Personal Data Act. [&hellip;]<\/p>","protected":false},"author":1,"featured_media":0,"parent":0,"menu_order":0,"comment_status":"closed","ping_status":"closed","template":"","meta":{"footnotes":""},"class_list":["post-893","page","type-page","status-publish","hentry"],"yoast_head":"<!-- This site is optimized with the Yoast SEO plugin v26.8 - https:\/\/yoast.com\/product\/yoast-seo-wordpress\/ -->\n<title>Privacy policy | Enter Norway<\/title>\n<meta name=\"robots\" content=\"noindex, follow\" \/>\n<meta property=\"og:locale\" content=\"nb_NO\" \/>\n<meta property=\"og:type\" content=\"article\" \/>\n<meta property=\"og:title\" content=\"Privacy policy | Enter Norway\" \/>\n<meta property=\"og:description\" content=\"Privacy Policy Privacy Policy for Enter Norway and www.enternorway.no This privacy policy outlines the type of personal data Enter Norway collects and how this information is processed. Enter Norway adheres to Norwegian personal data laws. This policy is formulated in accordance with the requirements stated in sections 18 and 19 of the Personal Data Act. [&hellip;]\" \/>\n<meta property=\"og:url\" content=\"https:\/\/enternorway.no\/no\/personvern\/\" \/>\n<meta property=\"og:site_name\" content=\"Enter Norway\" \/>\n<meta property=\"article:publisher\" content=\"https:\/\/www.facebook.com\/EnterNorway\/?locale=nb_NO&amp;checkpoint_src=any\" \/>\n<meta property=\"article:modified_time\" content=\"2025-03-07T15:24:31+00:00\" \/>\n<meta property=\"og:image\" content=\"https:\/\/enternorway.no\/wp-content\/uploads\/2024\/09\/heading-line.png\" \/>\n<meta name=\"twitter:card\" content=\"summary_large_image\" \/>\n<meta name=\"twitter:label1\" content=\"Ansl. lesetid\" \/>\n\t<meta name=\"twitter:data1\" content=\"5 minutter\" \/>\n<script type=\"application\/ld+json\" class=\"yoast-schema-graph\">{\"@context\":\"https:\/\/schema.org\",\"@graph\":[{\"@type\":\"WebPage\",\"@id\":\"https:\/\/enternorway.no\/privacy-policy\/\",\"url\":\"https:\/\/enternorway.no\/privacy-policy\/\",\"name\":\"Privacy policy | Enter Norway\",\"isPartOf\":{\"@id\":\"https:\/\/enternorway.no\/#website\"},\"primaryImageOfPage\":{\"@id\":\"https:\/\/enternorway.no\/privacy-policy\/#primaryimage\"},\"image\":{\"@id\":\"https:\/\/enternorway.no\/privacy-policy\/#primaryimage\"},\"thumbnailUrl\":\"https:\/\/enternorway.no\/wp-content\/uploads\/2024\/09\/heading-line.png\",\"datePublished\":\"2025-03-07T15:08:43+00:00\",\"dateModified\":\"2025-03-07T15:24:31+00:00\",\"breadcrumb\":{\"@id\":\"https:\/\/enternorway.no\/privacy-policy\/#breadcrumb\"},\"inLanguage\":\"nb-NO\",\"potentialAction\":[{\"@type\":\"ReadAction\",\"target\":[\"https:\/\/enternorway.no\/privacy-policy\/\"]}]},{\"@type\":\"ImageObject\",\"inLanguage\":\"nb-NO\",\"@id\":\"https:\/\/enternorway.no\/privacy-policy\/#primaryimage\",\"url\":\"https:\/\/enternorway.no\/wp-content\/uploads\/2024\/09\/heading-line.png\",\"contentUrl\":\"https:\/\/enternorway.no\/wp-content\/uploads\/2024\/09\/heading-line.png\"},{\"@type\":\"BreadcrumbList\",\"@id\":\"https:\/\/enternorway.no\/privacy-policy\/#breadcrumb\",\"itemListElement\":[{\"@type\":\"ListItem\",\"position\":1,\"name\":\"Home\",\"item\":\"https:\/\/enternorway.no\/en\/\"},{\"@type\":\"ListItem\",\"position\":2,\"name\":\"Privacy policy\"}]},{\"@type\":\"WebSite\",\"@id\":\"https:\/\/enternorway.no\/#website\",\"url\":\"https:\/\/enternorway.no\/\",\"name\":\"Enter Norway AS\",\"description\":\"Accounting &amp; Legal Services in Norway\",\"publisher\":{\"@id\":\"https:\/\/enternorway.no\/#organization\"},\"alternateName\":\"Enter Norway AS\",\"potentialAction\":[{\"@type\":\"SearchAction\",\"target\":{\"@type\":\"EntryPoint\",\"urlTemplate\":\"https:\/\/enternorway.no\/?s={search_term_string}\"},\"query-input\":{\"@type\":\"PropertyValueSpecification\",\"valueRequired\":true,\"valueName\":\"search_term_string\"}}],\"inLanguage\":\"nb-NO\"},{\"@type\":\"Organization\",\"@id\":\"https:\/\/enternorway.no\/#organization\",\"name\":\"Enter Norway AS\",\"alternateName\":\"Enter Norway AS\",\"url\":\"https:\/\/enternorway.no\/\",\"logo\":{\"@type\":\"ImageObject\",\"inLanguage\":\"nb-NO\",\"@id\":\"https:\/\/enternorway.no\/#\/schema\/logo\/image\/\",\"url\":\"https:\/\/enternorway.no\/wp-content\/uploads\/2024\/09\/Enter-Norway-Consulting-Accounting_logo_pms7546_pms7550_left-1-e1726663043541.jpg\",\"contentUrl\":\"https:\/\/enternorway.no\/wp-content\/uploads\/2024\/09\/Enter-Norway-Consulting-Accounting_logo_pms7546_pms7550_left-1-e1726663043541.jpg\",\"width\":661,\"height\":211,\"caption\":\"Enter Norway AS\"},\"image\":{\"@id\":\"https:\/\/enternorway.no\/#\/schema\/logo\/image\/\"},\"sameAs\":[\"https:\/\/www.facebook.com\/EnterNorway\/?locale=nb_NO&checkpoint_src=any\"]}]}<\/script>\n<!-- \/ Yoast SEO plugin. -->","yoast_head_json":{"title":"Privacy policy | Enter Norway","robots":{"index":"noindex","follow":"follow"},"og_locale":"nb_NO","og_type":"article","og_title":"Privacy policy | Enter Norway","og_description":"Privacy Policy Privacy Policy for Enter Norway and www.enternorway.no This privacy policy outlines the type of personal data Enter Norway collects and how this information is processed. Enter Norway adheres to Norwegian personal data laws. This policy is formulated in accordance with the requirements stated in sections 18 and 19 of the Personal Data Act. [&hellip;]","og_url":"https:\/\/enternorway.no\/no\/personvern\/","og_site_name":"Enter Norway","article_publisher":"https:\/\/www.facebook.com\/EnterNorway\/?locale=nb_NO&checkpoint_src=any","article_modified_time":"2025-03-07T15:24:31+00:00","og_image":[{"url":"https:\/\/enternorway.no\/wp-content\/uploads\/2024\/09\/heading-line.png","type":"","width":"","height":""}],"twitter_card":"summary_large_image","twitter_misc":{"Ansl. lesetid":"5 minutter"},"schema":{"@context":"https:\/\/schema.org","@graph":[{"@type":"WebPage","@id":"https:\/\/enternorway.no\/privacy-policy\/","url":"https:\/\/enternorway.no\/privacy-policy\/","name":"Privacy policy | Enter Norway","isPartOf":{"@id":"https:\/\/enternorway.no\/#website"},"primaryImageOfPage":{"@id":"https:\/\/enternorway.no\/privacy-policy\/#primaryimage"},"image":{"@id":"https:\/\/enternorway.no\/privacy-policy\/#primaryimage"},"thumbnailUrl":"https:\/\/enternorway.no\/wp-content\/uploads\/2024\/09\/heading-line.png","datePublished":"2025-03-07T15:08:43+00:00","dateModified":"2025-03-07T15:24:31+00:00","breadcrumb":{"@id":"https:\/\/enternorway.no\/privacy-policy\/#breadcrumb"},"inLanguage":"nb-NO","potentialAction":[{"@type":"ReadAction","target":["https:\/\/enternorway.no\/privacy-policy\/"]}]},{"@type":"ImageObject","inLanguage":"nb-NO","@id":"https:\/\/enternorway.no\/privacy-policy\/#primaryimage","url":"https:\/\/enternorway.no\/wp-content\/uploads\/2024\/09\/heading-line.png","contentUrl":"https:\/\/enternorway.no\/wp-content\/uploads\/2024\/09\/heading-line.png"},{"@type":"BreadcrumbList","@id":"https:\/\/enternorway.no\/privacy-policy\/#breadcrumb","itemListElement":[{"@type":"ListItem","position":1,"name":"Home","item":"https:\/\/enternorway.no\/en\/"},{"@type":"ListItem","position":2,"name":"Privacy policy"}]},{"@type":"WebSite","@id":"https:\/\/enternorway.no\/#website","url":"https:\/\/enternorway.no\/","name":"Enter Norway AS","description":"Accounting &amp; Legal Services in Norway","publisher":{"@id":"https:\/\/enternorway.no\/#organization"},"alternateName":"Enter Norway AS","potentialAction":[{"@type":"SearchAction","target":{"@type":"EntryPoint","urlTemplate":"https:\/\/enternorway.no\/?s={search_term_string}"},"query-input":{"@type":"PropertyValueSpecification","valueRequired":true,"valueName":"search_term_string"}}],"inLanguage":"nb-NO"},{"@type":"Organization","@id":"https:\/\/enternorway.no\/#organization","name":"Enter Norway AS","alternateName":"Enter Norway AS","url":"https:\/\/enternorway.no\/","logo":{"@type":"ImageObject","inLanguage":"nb-NO","@id":"https:\/\/enternorway.no\/#\/schema\/logo\/image\/","url":"https:\/\/enternorway.no\/wp-content\/uploads\/2024\/09\/Enter-Norway-Consulting-Accounting_logo_pms7546_pms7550_left-1-e1726663043541.jpg","contentUrl":"https:\/\/enternorway.no\/wp-content\/uploads\/2024\/09\/Enter-Norway-Consulting-Accounting_logo_pms7546_pms7550_left-1-e1726663043541.jpg","width":661,"height":211,"caption":"Enter Norway AS"},"image":{"@id":"https:\/\/enternorway.no\/#\/schema\/logo\/image\/"},"sameAs":["https:\/\/www.facebook.com\/EnterNorway\/?locale=nb_NO&checkpoint_src=any"]}]}},"_links":{"self":[{"href":"https:\/\/enternorway.no\/no\/wp-json\/wp\/v2\/pages\/893","targetHints":{"allow":["GET"]}}],"collection":[{"href":"https:\/\/enternorway.no\/no\/wp-json\/wp\/v2\/pages"}],"about":[{"href":"https:\/\/enternorway.no\/no\/wp-json\/wp\/v2\/types\/page"}],"author":[{"embeddable":true,"href":"https:\/\/enternorway.no\/no\/wp-json\/wp\/v2\/users\/1"}],"replies":[{"embeddable":true,"href":"https:\/\/enternorway.no\/no\/wp-json\/wp\/v2\/comments?post=893"}],"version-history":[{"count":10,"href":"https:\/\/enternorway.no\/no\/wp-json\/wp\/v2\/pages\/893\/revisions"}],"predecessor-version":[{"id":906,"href":"https:\/\/enternorway.no\/no\/wp-json\/wp\/v2\/pages\/893\/revisions\/906"}],"wp:attachment":[{"href":"https:\/\/enternorway.no\/no\/wp-json\/wp\/v2\/media?parent=893"}],"curies":[{"name":"wp","href":"https:\/\/api.w.org\/{rel}","templated":true}]}}